{"id":132,"date":"2012-02-12T20:07:19","date_gmt":"2012-02-12T19:07:19","guid":{"rendered":"http:\/\/www.gks-pb.de\/?page_id=132"},"modified":"2025-02-26T19:30:20","modified_gmt":"2025-02-26T18:30:20","slug":"vorstand","status":"publish","type":"page","link":"https:\/\/www.gks-pb.de\/?page_id=132","title":{"rendered":"Vorstand"},"content":{"rendered":"\n<figure class=\"wp-block-table\"><table><tbody><tr><td><a href=\"http:\/\/www.gks-pb.de\/wp-content\/uploads\/vorstand2.jpg\"><img loading=\"lazy\" decoding=\"async\" class=\"alignleft size-full wp-image-16\" title=\"Guido Kleinemeyer\" src=\"http:\/\/www.gks-pb.de\/wp-content\/uploads\/vorstand2.jpg\" alt=\"\" width=\"180\" height=\"135\"><\/a><\/td><td><strong>1. Pr\u00e4sident<\/strong><br>Guido Kleinemeyer<br>Gladiolenweg 15a<br>33175 Bad Lippspringe<br>Tel.: 0171 344 1480<br><strong><mark style=\"background-color:rgba(0, 0, 0, 0)\" class=\"has-inline-color has-vivid-red-color\">Telefonisch erreichbar: Mo.- Fr. 15.00- 18.00 Uhr<\/mark><\/strong><br>Termine nach Absprache<br><p>Mail: gkspaderborn@gmail.com<\/p><\/td><\/tr><tr><td><a href=\"http:\/\/www.gks-pb.de\/wp-content\/uploads\/vorstand3.jpg\"><img loading=\"lazy\" decoding=\"async\" class=\"alignleft size-full wp-image-15\" title=\"Adolf Nolte\" src=\"http:\/\/www.gks-pb.de\/wp-content\/uploads\/vorstand3.jpg\" alt=\"\" width=\"169\" height=\"134\"><\/a><\/td><td><strong>Gesch\u00e4ftsf\u00fchrer<\/strong><br>Adolf Nolte<br>Rochusweg 39<br>33102 Paderborn<br>Tel.: 05251-35774<\/td><\/tr><tr><td><a href=\"http:\/\/www.gks-pb.de\/wp-content\/uploads\/IMG-20230610-WA0013.jpg\"><img loading=\"lazy\" decoding=\"async\" class=\"alignleft wp-image-480 \" title=\"Heinz Erich\" src=\"http:\/\/www.gks-pb.de\/wp-content\/uploads\/IMG-20230610-WA0013-288x300.jpg\" alt=\"\" width=\"160\" height=\"167\" srcset=\"https:\/\/www.gks-pb.de\/wp-content\/uploads\/IMG-20230610-WA0013-288x300.jpg 288w, https:\/\/www.gks-pb.de\/wp-content\/uploads\/IMG-20230610-WA0013.jpg 379w\" sizes=\"(max-width: 160px) 100vw, 160px\" \/><\/a><\/td><td><p><strong>Referent f\u00fcr Finanzen und Verwaltung, Jugendwart<\/strong><br>Aki Zappini<\/p> Hoppenberg 14<br> 33175 Bad Lippspringe<br> Tel.: 0171 344 1470<br><strong><mark style=\"background-color:rgba(0, 0, 0, 0)\" class=\"has-inline-color has-vivid-red-color\">Telefonisch erreichbar: Mo.- Fr. 17.00-19.00 Uhr<\/mark><\/strong><br>Termine nach Absprache<br><p>Mail: gkspaderborn@gmail.com<\/p><\/td><\/tr><\/tbody><\/table><\/figure>\n","protected":false},"excerpt":{"rendered":"<p>1. Pr\u00e4sidentGuido KleinemeyerGladiolenweg 15a33175 Bad LippspringeTel.: 0171 344 1480Telefonisch erreichbar: Mo.- Fr. 15.00- 18.00 UhrTermine nach Absprache Mail: gkspaderborn@gmail.com Gesch\u00e4ftsf\u00fchrerAdolf NolteRochusweg 3933102 PaderbornTel.: 05251-35774 Referent f\u00fcr Finanzen und Verwaltung, JugendwartAki Zappini Hoppenberg 14 33175 Bad Lippspringe Tel.: 0171 344 1470Telefonisch <span class=\"excerpt-dots\">&hellip;<\/span> <a class=\"more-link\" href=\"https:\/\/www.gks-pb.de\/?page_id=132\"><span class=\"more-msg\">Weiterlesen &rarr;<\/span><\/a><\/p>\n","protected":false},"author":1,"featured_media":0,"parent":0,"menu_order":3,"comment_status":"closed","ping_status":"closed","template":"","meta":{"footnotes":""},"class_list":["post-132","page","type-page","status-publish","hentry"],"_links":{"self":[{"href":"https:\/\/www.gks-pb.de\/index.php?rest_route=\/wp\/v2\/pages\/132"}],"collection":[{"href":"https:\/\/www.gks-pb.de\/index.php?rest_route=\/wp\/v2\/pages"}],"about":[{"href":"https:\/\/www.gks-pb.de\/index.php?rest_route=\/wp\/v2\/types\/page"}],"author":[{"embeddable":true,"href":"https:\/\/www.gks-pb.de\/index.php?rest_route=\/wp\/v2\/users\/1"}],"replies":[{"embeddable":true,"href":"https:\/\/www.gks-pb.de\/index.php?rest_route=%2Fwp%2Fv2%2Fcomments&post=132"}],"version-history":[{"count":15,"href":"https:\/\/www.gks-pb.de\/index.php?rest_route=\/wp\/v2\/pages\/132\/revisions"}],"predecessor-version":[{"id":568,"href":"https:\/\/www.gks-pb.de\/index.php?rest_route=\/wp\/v2\/pages\/132\/revisions\/568"}],"wp:attachment":[{"href":"https:\/\/www.gks-pb.de\/index.php?rest_route=%2Fwp%2Fv2%2Fmedia&parent=132"}],"curies":[{"name":"wp","href":"https:\/\/api.w.org\/{rel}","templated":true}]}}